{"id":92,"date":"2025-09-30T14:44:50","date_gmt":"2025-09-30T12:44:50","guid":{"rendered":"https:\/\/ruhys.pl\/?post_type=product&#038;p=92"},"modified":"2025-12-25T03:01:06","modified_gmt":"2025-12-25T02:01:06","slug":"t-shirt-girls-my-ruhys-2","status":"publish","type":"product","link":"https:\/\/ruhys.pl\/?product=t-shirt-girls-my-ruhys-2","title":{"rendered":"T-SHIRT 99 PROBLEMS"},"content":{"rendered":"<ul>\n<li><span data-contrast=\"none\">100% wysokiej jako\u015bci bawe\u0142na<\/span><\/li>\n<li><span data-contrast=\"none\"> Gramatura 180 g\/m\u00b2<\/span><\/li>\n<li><span data-contrast=\"none\"> Lu\u017any relaxed\/ loose kr\u00f3j<\/span><span data-ccp-props=\"{&quot;134233117&quot;:false,&quot;134233118&quot;:false,&quot;335551550&quot;:0,&quot;335551620&quot;:0,&quot;335557856&quot;:16777215,&quot;335559738&quot;:195,&quot;335559739&quot;:195}\">\u00a0<\/span><\/li>\n<li><span data-contrast=\"none\"> nadruk DTG wysokiej jako\u015bci<\/span><\/li>\n<\/ul>\n","protected":false},"excerpt":{"rendered":"<p><span data-contrast=\"none\">Koszulka &#8222;99\u00a0Problems\u00a0But My\u00a0Ruhys\u00a0Ain\u2019t\u00a0One\u201d to lu\u017any klasyk.<\/span><span data-ccp-props=\"{&quot;134233117&quot;:false,&quot;134233118&quot;:false,&quot;335551550&quot;:0,&quot;335551620&quot;:0,&quot;335557856&quot;:16777215,&quot;335559738&quot;:195,&quot;335559739&quot;:195}\">\u00a0<\/span><\/p>\n<p><span data-contrast=\"none\">Relaxed\u00a0fit\u00a0daje pe\u0142en komfort i swobod\u0119 ruchu, a szerokie, mi\u0119kkie r\u0119kawy tworz\u0105 charakterystyczny,\u00a0oldschoolowy\u00a0look\u00a0bez przesadzonego\u00a0oversize\u2019u.<\/span><span data-ccp-props=\"{&quot;134233117&quot;:false,&quot;134233118&quot;:false,&quot;335551550&quot;:0,&quot;335551620&quot;:0,&quot;335557856&quot;:16777215,&quot;335559738&quot;:195,&quot;335559739&quot;:195}\">\u00a0<\/span><\/p>\n<p><span data-contrast=\"none\">Idealny dla tych, kt\u00f3rzy lubi\u0105 przyci\u0105ga\u0107 wzrok.<\/span><span data-ccp-props=\"{&quot;134233117&quot;:false,&quot;134233118&quot;:false,&quot;335551550&quot;:0,&quot;335551620&quot;:0,&quot;335557856&quot;:16777215,&quot;335559738&quot;:195,&quot;335559739&quot;:195}\">\u00a0<\/span><\/p>\n","protected":false},"featured_media":84,"comment_status":"open","ping_status":"closed","template":"","meta":[],"product_brand":[],"product_cat":[18],"product_tag":[],"class_list":{"0":"post-92","1":"product","2":"type-product","3":"status-publish","4":"has-post-thumbnail","6":"product_cat-t-shirt","8":"first","9":"instock","10":"featured","11":"shipping-taxable","12":"purchasable","13":"product-type-variable"},"jetpack_sharing_enabled":true,"_links":{"self":[{"href":"https:\/\/ruhys.pl\/index.php?rest_route=\/wp\/v2\/product\/92","targetHints":{"allow":["GET"]}}],"collection":[{"href":"https:\/\/ruhys.pl\/index.php?rest_route=\/wp\/v2\/product"}],"about":[{"href":"https:\/\/ruhys.pl\/index.php?rest_route=\/wp\/v2\/types\/product"}],"replies":[{"embeddable":true,"href":"https:\/\/ruhys.pl\/index.php?rest_route=%2Fwp%2Fv2%2Fcomments&post=92"}],"wp:featuredmedia":[{"embeddable":true,"href":"https:\/\/ruhys.pl\/index.php?rest_route=\/wp\/v2\/media\/84"}],"wp:attachment":[{"href":"https:\/\/ruhys.pl\/index.php?rest_route=%2Fwp%2Fv2%2Fmedia&parent=92"}],"wp:term":[{"taxonomy":"product_brand","embeddable":true,"href":"https:\/\/ruhys.pl\/index.php?rest_route=%2Fwp%2Fv2%2Fproduct_brand&post=92"},{"taxonomy":"product_cat","embeddable":true,"href":"https:\/\/ruhys.pl\/index.php?rest_route=%2Fwp%2Fv2%2Fproduct_cat&post=92"},{"taxonomy":"product_tag","embeddable":true,"href":"https:\/\/ruhys.pl\/index.php?rest_route=%2Fwp%2Fv2%2Fproduct_tag&post=92"}],"curies":[{"name":"wp","href":"https:\/\/api.w.org\/{rel}","templated":true}]}}