{"id":69,"date":"2025-09-30T14:03:14","date_gmt":"2025-09-30T12:03:14","guid":{"rendered":"https:\/\/ruhys.pl\/?post_type=product&#038;p=69"},"modified":"2025-12-31T00:09:05","modified_gmt":"2025-12-30T23:09:05","slug":"t-shirt-kiosk","status":"publish","type":"product","link":"https:\/\/ruhys.pl\/?product=t-shirt-kiosk","title":{"rendered":"T-SHIRT KIOSK"},"content":{"rendered":"<p>\u2022 100% bawe\u0142na premium<\/p>\n<p>\u2022 Gramatura 180 g\/m\u00b2<\/p>\n<p>\u2022 Lu\u017any relaxed \/ loose kr\u00f3j<\/p>\n<p dir=\"auto\">\u2022 nadruk DTG wysokiej jako\u015bci<\/p>\n","protected":false},"excerpt":{"rendered":"<p><strong>Koszulka KIOSK to ho\u0142d dla kultowych kiosk\u00f3w RUCHu, kt\u00f3re znikn\u0119\u0142y z ulic w 2024 r.<\/strong> \u2014 w alternatywnej rzeczywisto\u015bci\u00a0<span class=\"il\">RUHYS<\/span>, z kt\u00f3rej ju\u017c nie znikn\u0105.<\/p>\n<p>Precyzyjnie wykonany nadruk DTG i lu\u017any relaxed fit nadaj\u0105 koszulce swobodn\u0105, oldschoolow\u0105 lini\u0119. Gruba bawe\u0142na zapewnia trwa\u0142o\u015b\u0107 i komfort na co dzie\u0144.<\/p>\n<p><strong>Teraz Twoje\u00a0<span class=\"il\">RUHYS<\/span>.<\/strong><\/p>\n","protected":false},"featured_media":226,"comment_status":"open","ping_status":"closed","template":"","meta":[],"product_brand":[],"product_cat":[18],"product_tag":[],"class_list":{"0":"post-69","1":"product","2":"type-product","3":"status-publish","4":"has-post-thumbnail","6":"product_cat-t-shirt","8":"first","9":"outofstock","10":"featured","11":"shipping-taxable","12":"purchasable","13":"product-type-variable","14":"has-default-attributes"},"jetpack_sharing_enabled":true,"_links":{"self":[{"href":"https:\/\/ruhys.pl\/index.php?rest_route=\/wp\/v2\/product\/69","targetHints":{"allow":["GET"]}}],"collection":[{"href":"https:\/\/ruhys.pl\/index.php?rest_route=\/wp\/v2\/product"}],"about":[{"href":"https:\/\/ruhys.pl\/index.php?rest_route=\/wp\/v2\/types\/product"}],"replies":[{"embeddable":true,"href":"https:\/\/ruhys.pl\/index.php?rest_route=%2Fwp%2Fv2%2Fcomments&post=69"}],"wp:featuredmedia":[{"embeddable":true,"href":"https:\/\/ruhys.pl\/index.php?rest_route=\/wp\/v2\/media\/226"}],"wp:attachment":[{"href":"https:\/\/ruhys.pl\/index.php?rest_route=%2Fwp%2Fv2%2Fmedia&parent=69"}],"wp:term":[{"taxonomy":"product_brand","embeddable":true,"href":"https:\/\/ruhys.pl\/index.php?rest_route=%2Fwp%2Fv2%2Fproduct_brand&post=69"},{"taxonomy":"product_cat","embeddable":true,"href":"https:\/\/ruhys.pl\/index.php?rest_route=%2Fwp%2Fv2%2Fproduct_cat&post=69"},{"taxonomy":"product_tag","embeddable":true,"href":"https:\/\/ruhys.pl\/index.php?rest_route=%2Fwp%2Fv2%2Fproduct_tag&post=69"}],"curies":[{"name":"wp","href":"https:\/\/api.w.org\/{rel}","templated":true}]}}