{"id":3,"date":"2025-09-30T13:45:46","date_gmt":"2025-09-30T11:45:46","guid":{"rendered":"https:\/\/ruhys.pl\/?page_id=3"},"modified":"2025-12-25T01:15:50","modified_gmt":"2025-12-25T00:15:50","slug":"polityka-prywatnosci","status":"publish","type":"page","link":"https:\/\/ruhys.pl\/?page_id=3","title":{"rendered":"O nas"},"content":{"rendered":"\n<h2 class=\"wp-block-heading\"><br><br><br><br>RUHYS to marka stworzona dla ludzi, kt\u00f3rzy nie stoj\u0105 w miejscu.<\/h2>\n\n\n\n<p>Tworzymy dla tych, kt\u00f3rzy \u017cyj\u0105 w biegu: wychodz\u0105 do \u015bwiata, robi\u0105 swoje, maj\u0105 swoje plany i sw\u00f3j klimat.<\/p>\n\n\n\n<p>RUHYS to nie tylko ubrania. To movement i styl \u017cycia.<\/p>\n\n\n\n<p>Teraz Twoje Ruhys..<\/p>\n","protected":false},"excerpt":{"rendered":"<p>RUHYS to marka stworzona dla ludzi, kt\u00f3rzy nie stoj\u0105 w miejscu. Tworzymy dla tych, kt\u00f3rzy \u017cyj\u0105 w biegu: wychodz\u0105 do \u015bwiata, robi\u0105 swoje, maj\u0105 swoje plany i sw\u00f3j klimat. RUHYS to nie tylko ubrania. To movement i styl \u017cycia. Teraz Twoje Ruhys..<\/p>\n","protected":false},"author":1,"featured_media":0,"parent":0,"menu_order":0,"comment_status":"closed","ping_status":"open","template":"","meta":{"footnotes":""},"class_list":["post-3","page","type-page","status-publish","hentry"],"jetpack_sharing_enabled":true,"_links":{"self":[{"href":"https:\/\/ruhys.pl\/index.php?rest_route=\/wp\/v2\/pages\/3","targetHints":{"allow":["GET"]}}],"collection":[{"href":"https:\/\/ruhys.pl\/index.php?rest_route=\/wp\/v2\/pages"}],"about":[{"href":"https:\/\/ruhys.pl\/index.php?rest_route=\/wp\/v2\/types\/page"}],"author":[{"embeddable":true,"href":"https:\/\/ruhys.pl\/index.php?rest_route=\/wp\/v2\/users\/1"}],"replies":[{"embeddable":true,"href":"https:\/\/ruhys.pl\/index.php?rest_route=%2Fwp%2Fv2%2Fcomments&post=3"}],"version-history":[{"count":2,"href":"https:\/\/ruhys.pl\/index.php?rest_route=\/wp\/v2\/pages\/3\/revisions"}],"predecessor-version":[{"id":222,"href":"https:\/\/ruhys.pl\/index.php?rest_route=\/wp\/v2\/pages\/3\/revisions\/222"}],"wp:attachment":[{"href":"https:\/\/ruhys.pl\/index.php?rest_route=%2Fwp%2Fv2%2Fmedia&parent=3"}],"curies":[{"name":"wp","href":"https:\/\/api.w.org\/{rel}","templated":true}]}}