{"id":11,"date":"2025-11-13T22:24:59","date_gmt":"2025-11-13T21:24:59","guid":{"rendered":"https:\/\/ruhys.pl\/?page_id=11"},"modified":"2025-11-13T22:28:44","modified_gmt":"2025-11-13T21:28:44","slug":"zwroty","status":"publish","type":"page","link":"https:\/\/ruhys.pl\/?page_id=11","title":{"rendered":"Polityka zwrot\u00f3w"},"content":{"rendered":"\n<p><\/p>\n\n\n\n<h4 class=\"wp-block-heading\"><strong>Chcemy, aby zakupy u nas by\u0142y w pe\u0142ni satysfakcjonuj\u0105ce. Je\u017celi produkt nie spe\u0142nia Twoich oczekiwa\u0144, masz prawo do zwrotu w ci\u0105gu 14 dni od daty otrzymania przesy\u0142ki, bez podawania przyczyny.<\/strong><\/h4>\n\n\n\n<p><strong>Aby dokona\u0107 zwrotu:<\/strong><\/p>\n\n\n\n<p>1. Skontaktuj si\u0119 z nami mailowo: [<a href=\"mailto:ruhysurss@gmail.com\" target=\"_blank\" rel=\"noreferrer noopener\"><strong>ruhysurss@gmail.com<\/strong><\/a>], podaj\u0105c numer zam\u00f3wienia. Po czym wy\u015blemy ci na niego adres do odes\u0142ania produktu.\u00a0<\/p>\n\n\n\n<p>2. Zapakuj produkt w oryginalne opakowanie (je\u015bli to mo\u017cliwe) i ode\u015blij go na nasz adres kt\u00f3ry dostaniesz od nas mailowo .<\/p>\n\n\n\n<p>3. Zwrot \u015brodk\u00f3w nast\u0105pi na to samo konto, z kt\u00f3rego dokonano p\u0142atno\u015bci, w ci\u0105gu maksymalnie 14 dni od otrzymania paczki.<\/p>\n\n\n\n<h2 class=\"wp-block-heading\"><\/h2>\n","protected":false},"excerpt":{"rendered":"<p>Chcemy, aby zakupy u nas by\u0142y w pe\u0142ni satysfakcjonuj\u0105ce. Je\u017celi produkt nie spe\u0142nia Twoich oczekiwa\u0144, masz prawo do zwrotu w ci\u0105gu 14 dni od daty otrzymania przesy\u0142ki, bez podawania przyczyny. Aby dokona\u0107 zwrotu: 1. Skontaktuj si\u0119 z nami mailowo: [ruhysurss@gmail.com], podaj\u0105c numer zam\u00f3wienia. Po czym wy\u015blemy ci na niego adres do odes\u0142ania produktu.\u00a0 2. Zapakuj [&hellip;]<\/p>\n","protected":false},"author":1,"featured_media":0,"parent":0,"menu_order":0,"comment_status":"closed","ping_status":"closed","template":"","meta":{"footnotes":""},"class_list":["post-11","page","type-page","status-publish","hentry"],"jetpack_sharing_enabled":true,"_links":{"self":[{"href":"https:\/\/ruhys.pl\/index.php?rest_route=\/wp\/v2\/pages\/11","targetHints":{"allow":["GET"]}}],"collection":[{"href":"https:\/\/ruhys.pl\/index.php?rest_route=\/wp\/v2\/pages"}],"about":[{"href":"https:\/\/ruhys.pl\/index.php?rest_route=\/wp\/v2\/types\/page"}],"author":[{"embeddable":true,"href":"https:\/\/ruhys.pl\/index.php?rest_route=\/wp\/v2\/users\/1"}],"replies":[{"embeddable":true,"href":"https:\/\/ruhys.pl\/index.php?rest_route=%2Fwp%2Fv2%2Fcomments&post=11"}],"version-history":[{"count":4,"href":"https:\/\/ruhys.pl\/index.php?rest_route=\/wp\/v2\/pages\/11\/revisions"}],"predecessor-version":[{"id":153,"href":"https:\/\/ruhys.pl\/index.php?rest_route=\/wp\/v2\/pages\/11\/revisions\/153"}],"wp:attachment":[{"href":"https:\/\/ruhys.pl\/index.php?rest_route=%2Fwp%2Fv2%2Fmedia&parent=11"}],"curies":[{"name":"wp","href":"https:\/\/api.w.org\/{rel}","templated":true}]}}